{"id":1797,"date":"2020-02-06T11:50:51","date_gmt":"2020-02-06T10:50:51","guid":{"rendered":"https:\/\/www.jednapriroda.cz\/news-and-events\/publikace-a-tiskoviny\/"},"modified":"2023-08-07T11:50:46","modified_gmt":"2023-08-07T09:50:46","slug":"publications-and-leaflets","status":"publish","type":"page","link":"https:\/\/www.jednapriroda.cz\/en\/publications-and-leaflets\/","title":{"rendered":"Publications and leaflets"},"content":{"rendered":"<h1 class=\"title\">Publications and leaflets<\/h1>\n<p>We offer our leafltes and publications of the One Nature project for free download.<\/p>\n<p>&nbsp;<\/p>\n<h4>Leaflet about One Nature Project<\/h4>\n<p><img loading=\"lazy\" decoding=\"async\" class=\"alignnone wp-image-1380\" src=\"https:\/\/www.jednapriroda.cz\/wp-content\/uploads\/2020\/10\/DSC_0141_mala.jpg\" alt=\"Let\u00e1k projektu Jedna p\u0159\u00edroda\" width=\"250\" height=\"167\" srcset=\"https:\/\/www.jednapriroda.cz\/wp-content\/uploads\/2020\/10\/DSC_0141_mala.jpg 1800w, https:\/\/www.jednapriroda.cz\/wp-content\/uploads\/2020\/10\/DSC_0141_mala-300x200.jpg 300w, https:\/\/www.jednapriroda.cz\/wp-content\/uploads\/2020\/10\/DSC_0141_mala-1024x683.jpg 1024w, https:\/\/www.jednapriroda.cz\/wp-content\/uploads\/2020\/10\/DSC_0141_mala-768x512.jpg 768w, https:\/\/www.jednapriroda.cz\/wp-content\/uploads\/2020\/10\/DSC_0141_mala-1536x1024.jpg 1536w, https:\/\/www.jednapriroda.cz\/wp-content\/uploads\/2020\/10\/DSC_0141_mala-219x146.jpg 219w, https:\/\/www.jednapriroda.cz\/wp-content\/uploads\/2020\/10\/DSC_0141_mala-50x33.jpg 50w, https:\/\/www.jednapriroda.cz\/wp-content\/uploads\/2020\/10\/DSC_0141_mala-113x75.jpg 113w\" sizes=\"auto, (max-width:767px) 250px, 250px\" \/><\/p>\n<p>was published in October 2020 in <a href=\"https:\/\/www.jednapriroda.cz\/download\/1328\/\" target=\"_blank\" rel=\"noopener noreferrer\">Czech<\/a> and <a href=\"https:\/\/www.jednapriroda.cz\/download\/1330\/\" target=\"_blank\" rel=\"noopener noreferrer\">English<\/a> (pdf).<\/p>\n<p>&nbsp;<\/p>\n<h4>Kde m\u00e1 p\u0159ednost p\u0159\u00edroda? \/ Where the nature takes precedence?<\/h4>\n<p><img loading=\"lazy\" decoding=\"async\" class=\"alignnone wp-image-1646\" src=\"https:\/\/www.jednapriroda.cz\/wp-content\/uploads\/2021\/01\/20210118-Letacek-Kde-ma-prednost-priroda-300x199.jpg\" alt=\"\" width=\"250\" height=\"166\" srcset=\"https:\/\/www.jednapriroda.cz\/wp-content\/uploads\/2021\/01\/20210118-Letacek-Kde-ma-prednost-priroda-300x199.jpg 300w, https:\/\/www.jednapriroda.cz\/wp-content\/uploads\/2021\/01\/20210118-Letacek-Kde-ma-prednost-priroda-1024x679.jpg 1024w, https:\/\/www.jednapriroda.cz\/wp-content\/uploads\/2021\/01\/20210118-Letacek-Kde-ma-prednost-priroda-768x509.jpg 768w, https:\/\/www.jednapriroda.cz\/wp-content\/uploads\/2021\/01\/20210118-Letacek-Kde-ma-prednost-priroda-220x146.jpg 220w, https:\/\/www.jednapriroda.cz\/wp-content\/uploads\/2021\/01\/20210118-Letacek-Kde-ma-prednost-priroda-50x33.jpg 50w, https:\/\/www.jednapriroda.cz\/wp-content\/uploads\/2021\/01\/20210118-Letacek-Kde-ma-prednost-priroda-113x75.jpg 113w, https:\/\/www.jednapriroda.cz\/wp-content\/uploads\/2021\/01\/20210118-Letacek-Kde-ma-prednost-priroda.jpg 1300w\" sizes=\"auto, (max-width:767px) 250px, 250px\" \/><\/p>\n<p>was published in December 2020 in <a href=\"https:\/\/www.jednapriroda.cz\/download\/1648\/\" target=\"_blank\" rel=\"noopener\">Czech<\/a> (pdf).<\/p>\n<p>&nbsp;<\/p>\n<h4>Best communication practices in nature conservation<\/h4>\n<p><img loading=\"lazy\" decoding=\"async\" class=\"alignnone wp-image-6821\" src=\"https:\/\/www.jednapriroda.cz\/wp-content\/uploads\/2023\/08\/Best-communication-practices-in-nature-conservation-233x300.jpg\" alt=\"\" width=\"130\" height=\"167\" srcset=\"https:\/\/www.jednapriroda.cz\/wp-content\/uploads\/2023\/08\/Best-communication-practices-in-nature-conservation-233x300.jpg 233w, https:\/\/www.jednapriroda.cz\/wp-content\/uploads\/2023\/08\/Best-communication-practices-in-nature-conservation-58x75.jpg 58w, https:\/\/www.jednapriroda.cz\/wp-content\/uploads\/2023\/08\/Best-communication-practices-in-nature-conservation.jpg 454w\" sizes=\"auto, (max-width:767px) 130px, 130px\" \/><\/p>\n<p>was published in March 2022 in <a href=\"https:\/\/www.jednapriroda.cz\/wp-content\/uploads\/2023\/02\/Interaktivnipdfmetodikykomunikace.pdf\" target=\"_blank\" rel=\"noopener\">Czech<\/a> and <a href=\"https:\/\/www.jednapriroda.cz\/wp-content\/uploads\/2023\/08\/Best-communication-practices-in-nature-conservationv2.pdf\" target=\"_blank\" rel=\"noopener\">English<\/a> (pdf)<\/p>\n<p>&nbsp;<\/p>\n<p>Leaflets about species and sites in <a href=\"https:\/\/www.jednapriroda.cz\/novinky-a-akce\/publikace-a-tiskoviny\/infolisty-o-druzich-a-stanovistich\/\" target=\"_blank\" rel=\"noopener\">Czech and some in English<\/a>.<\/p>\n","protected":false},"excerpt":{"rendered":"<p>Publications and leaflets We offer our leafltes and publications of the One Nature project for free download. &nbsp; Leaflet about One Nature Project was published in<span class=\"excerpt-hellip\"> [\u2026]<\/span><\/p>\n","protected":false},"author":1,"featured_media":0,"parent":0,"menu_order":0,"comment_status":"closed","ping_status":"closed","template":"","meta":{"_acf_changed":false,"footnotes":""},"class_list":["post-1797","page","type-page","status-publish","hentry"],"acf":[],"publishpress_future_action":{"enabled":false,"date":"2026-04-27 02:26:50","action":"change-status","newStatus":"draft","terms":[],"taxonomy":"translation_priority","extraData":[]},"publishpress_future_workflow_manual_trigger":{"enabledWorkflows":[]},"_links":{"self":[{"href":"https:\/\/www.jednapriroda.cz\/en\/wp-json\/wp\/v2\/pages\/1797","targetHints":{"allow":["GET"]}}],"collection":[{"href":"https:\/\/www.jednapriroda.cz\/en\/wp-json\/wp\/v2\/pages"}],"about":[{"href":"https:\/\/www.jednapriroda.cz\/en\/wp-json\/wp\/v2\/types\/page"}],"author":[{"embeddable":true,"href":"https:\/\/www.jednapriroda.cz\/en\/wp-json\/wp\/v2\/users\/1"}],"replies":[{"embeddable":true,"href":"https:\/\/www.jednapriroda.cz\/en\/wp-json\/wp\/v2\/comments?post=1797"}],"version-history":[{"count":5,"href":"https:\/\/www.jednapriroda.cz\/en\/wp-json\/wp\/v2\/pages\/1797\/revisions"}],"predecessor-version":[{"id":6830,"href":"https:\/\/www.jednapriroda.cz\/en\/wp-json\/wp\/v2\/pages\/1797\/revisions\/6830"}],"wp:attachment":[{"href":"https:\/\/www.jednapriroda.cz\/en\/wp-json\/wp\/v2\/media?parent=1797"}],"curies":[{"name":"wp","href":"https:\/\/api.w.org\/{rel}","templated":true}]}}