{"id":8445,"date":"2025-09-11T21:49:43","date_gmt":"2025-09-11T19:49:43","guid":{"rendered":"https:\/\/www.jednapriroda.cz\/?page_id=8445"},"modified":"2026-04-15T12:17:14","modified_gmt":"2026-04-15T10:17:14","slug":"final-conference","status":"publish","type":"page","link":"https:\/\/www.jednapriroda.cz\/en\/final-conference\/","title":{"rendered":"Final Conference"},"content":{"rendered":"<p data-start=\"269\" data-end=\"300\"><strong data-start=\"269\" data-end=\"300\">Dear LIFE Project Partners,<\/strong><\/p>\n<p data-start=\"302\" data-end=\"757\">We are delighted to invite you to the upcoming <strong data-start=\"349\" data-end=\"391\">International LIFE Projects Conference<\/strong>, which will take place in the beautiful city of Prague, Czech Republic, on <strong data-start=\"467\" data-end=\"487\">22\u201323 April 2026<\/strong>.<br data-start=\"488\" data-end=\"491\" \/>This event, organized as the <strong data-start=\"520\" data-end=\"605\">Final International Conference of the One Nature Project (LIFE IP: N2K Revisited)<\/strong>, will bring together experts and participants from LIFE projects across Europe for an inspiring exchange of knowledge, experiences, and best practices.<\/p>\n<p data-start=\"759\" data-end=\"1126\">The conference aims to provide a collaborative platform to explore environmental and sustainability initiatives, showcasing innovative solutions and sharing lessons learned. The programme will cover a wide range of topics\u2014from <span data-teams=\"true\"> best practices in the field of nature conservation and<\/span> ecosystem services to communication, education, and finance\u2014with the shared goal of advancing sustainability and environmental protection.<\/p>\n<p>&nbsp;<\/p>\n<p><strong>REGISTRATION is closed<\/strong><\/p>\n<p>&nbsp;<\/p>\n<p><a href=\"https:\/\/www.jednapriroda.cz\/download\/8862\/?tmstv=1775547201\" target=\"_blank\" rel=\"noopener\"><strong>PROGRAMME<\/strong><\/a> of the conference day<\/p>\n<p>&nbsp;<\/p>\n<h3>News &amp; Updates:<\/h3>\n<p><strong>7 April 2026:<\/strong><\/p>\n<p><em>We have added <a href=\"https:\/\/www.jednapriroda.cz\/download\/8862\/?tmstv=1775547201\" target=\"_blank\" rel=\"noopener\">conference programme<\/a>.<\/em><\/p>\n<p><strong>2 March 2026:<\/strong><\/p>\n<p><em>Accomodation promocode is now valid until <span style=\"color: #ff0000;\">6\u00a0March 2026<\/span>.<\/em><\/p>\n<p><strong>13 February 2026:<\/strong><\/p>\n<p><em>We have added booking instructions for participants extending their stay in Prague after the conference.<\/em><\/p>\n<p><strong>30 January 2026:<\/strong><\/p>\n<p><em>We have added a <a href=\"https:\/\/booking.orea.cz\/en\/3\/room-selection?currency=EUR&amp;filter=%7B%22rooms%22%3A%5B%7B%22adultsCount%22%3A1%2C%22childrenAges%22%3A%5B%5D%7D%5D%2C%22promoCode%22%3A%22LIFE2026%22%2C%22startDate%22%3A%222026-04-21%22%2C%22endDate%22%3A%222026-04-23%22%7D&amp;sessionId=019c0ef8-e5c9-7149-99d9-a0de37278c15\" target=\"_blank\" rel=\"noopener\">hotel booking link<\/a> and locations description.<\/em><\/p>\n<p><strong>19 January 2026:<\/strong><\/p>\n<p><em>Registration opened <\/em><a href=\"https:\/\/docs.google.com\/forms\/d\/e\/1FAIpQLSewJlsZu3xKO2VCPyST7C1EY1pJxFhWzmAOACpXgOSSg7x-ow\/viewform?usp=header\" target=\"_blank\" rel=\"noopener\"><em>here<\/em><\/a><\/p>\n<p><strong>15 December 2025:<\/strong><\/p>\n<p>\ud83d\udccd <em>The venue of the Final Conference has been added to the page.<\/em><br data-start=\"272\" data-end=\"275\" \/>\ud83d\udcc4 <em>A new document, <strong data-start=\"294\" data-end=\"318\">The Values of Nature<\/strong>, is now available and offers an introduction to ecosystem services and the benefits nature provides to society<\/em><\/p>\n<p>&nbsp;<\/p>\n<h2>Preliminary Agenda:<\/h2>\n<div id=\"attachment_8451\" style=\"width: 410px\" class=\"wp-caption alignright\"><a href=\"https:\/\/www.jednapriroda.cz\/wp-content\/uploads\/2025\/09\/Brnik1.jpg\"><img loading=\"lazy\" decoding=\"async\" aria-describedby=\"caption-attachment-8451\" class=\"wp-image-8451\" src=\"https:\/\/www.jednapriroda.cz\/wp-content\/uploads\/2025\/09\/Brnik1-1024x682.jpg\" alt=\"\" width=\"400\" height=\"267\" srcset=\"https:\/\/www.jednapriroda.cz\/wp-content\/uploads\/2025\/09\/Brnik1-1024x682.jpg 1024w, https:\/\/www.jednapriroda.cz\/wp-content\/uploads\/2025\/09\/Brnik1-300x200.jpg 300w, https:\/\/www.jednapriroda.cz\/wp-content\/uploads\/2025\/09\/Brnik1-768x512.jpg 768w, https:\/\/www.jednapriroda.cz\/wp-content\/uploads\/2025\/09\/Brnik1-113x75.jpg 113w, https:\/\/www.jednapriroda.cz\/wp-content\/uploads\/2025\/09\/Brnik1-480x320.jpg 480w, https:\/\/www.jednapriroda.cz\/wp-content\/uploads\/2025\/09\/Brnik1.jpg 1280w\" sizes=\"auto, (max-width:767px) 400px, 400px\" \/><\/a><p id=\"caption-attachment-8451\" class=\"wp-caption-text\">Experimental management of forest grazing. Brn\u00edk hill<\/p><\/div>\n<p><b>21 April 2026<\/b> \u2013 Arrival, evening walking tour of Prague, team-building activities, and social gathering.<\/p>\n<p><b>22 April 2026 \u2013 Day of Presentations &#8211; <a href=\"https:\/\/www.jednapriroda.cz\/download\/8862\/?tmstv=1775547201\" target=\"_blank\" rel=\"noopener\">programme<\/a><\/b><\/p>\n<p>Three thematic blocks dedicated to:<\/p>\n<ul>\n<li>the adaptive management cycle<\/li>\n<li>ecosystem services assessment and scientific research<\/li>\n<li>stakeholder engagement, education, and awareness-raising<\/li>\n<\/ul>\n<p>The day will conclude with a gala dinner and networking in the evening.<\/p>\n<p><strong data-start=\"1492\" data-end=\"1509\">23 April 2026<\/strong> \u2013 Field trip to the<a href=\"https:\/\/www.jednapriroda.cz\/en\/final-conference-localities\" target=\"_blank\" rel=\"noopener\"><strong> \u010cesk\u00e9 st\u0159edoho\u0159\u00ed Protected Landscape Area<\/strong> and <strong>Karl\u0161tejn National Nature Reserve<\/strong><\/a>\u00a0to see successful <i>One Nature<\/i> project implementations firsthand<\/p>\n<p>&nbsp;<\/p>\n<h2><strong>Conference venue<\/strong><\/h2>\n<p>The conference takes place at <a href=\"https:\/\/www.orea.cz\/hotel-angelo\">OREA Hotel Angelo Prague<\/a>. We have arranged accommodation for participants at the conference venue. Rooms are pre-booked for 2 nights incl. breakfast.<\/p>\n<p>The bus transportation to the project locations, meals and evening events are covered by the project.<\/p>\n<p>However, please note that travel and accommodation costs are covered by the participants themselves.<\/p>\n<p>&nbsp;<\/p>\n<h2 data-start=\"83\" data-end=\"104\"><strong data-start=\"87\" data-end=\"104\">Accommodation<\/strong><\/h2>\n<p data-start=\"106\" data-end=\"255\">We are pleased to provide the <a href=\"https:\/\/booking.orea.cz\/en\/3\/room-selection?currency=EUR&amp;filter=%7B%22rooms%22%3A%5B%7B%22adultsCount%22%3A1%2C%22childrenAges%22%3A%5B%5D%7D%5D%2C%22promoCode%22%3A%22LIFE2026%22%2C%22startDate%22%3A%222026-04-21%22%2C%22endDate%22%3A%222026-04-23%22%7D&amp;sessionId=019c0ef8-e5c9-7149-99d9-a0de37278c15\" target=\"_blank\" rel=\"noopener\"><strong data-start=\"136\" data-end=\"158\">hotel booking link<\/strong><\/a> for participants.<\/p>\n<p data-start=\"257\" data-end=\"310\">Please use the <strong data-start=\"272\" data-end=\"296\">promo code: LIFE2026<\/strong> when booking.<\/p>\n<p data-start=\"312\" data-end=\"329\"><strong data-start=\"312\" data-end=\"327\">Room rates:<\/strong><\/p>\n<ul>\n<li data-start=\"312\" data-end=\"329\">Single room (SGL): 118 EUR \/ night<\/li>\n<li data-start=\"312\" data-end=\"329\">Double room (DBL): 125 EUR \/ night<\/li>\n<\/ul>\n<p data-start=\"409\" data-end=\"451\"><em data-start=\"409\" data-end=\"451\">Prices include VAT but exclude city tax.<\/em><\/p>\n<p data-start=\"453\" data-end=\"708\">A sufficient number of rooms is reserved for participants <strong data-start=\"511\" data-end=\"537\">until <del>28 February 2026<\/del> <span style=\"color: #ff0000;\">6\u00a0March 2026<\/span><\/strong>. After this date, the number of reserved rooms will be reduced.<br data-start=\"601\" data-end=\"604\" \/>We therefore kindly recommend that you <strong data-start=\"643\" data-end=\"707\">book your accommodation by <del>the end of February<\/del> 6 March 2026 at the latest<\/strong>.<\/p>\n<p>&nbsp;<\/p>\n<p>If you would like to stay longer than two nights, please follow these instructions:<\/p>\n<ol>\n<li>Book your accommodation via the <strong><u><a href=\"https:\/\/booking.orea.cz\/en\/3\/room-selection?currency=EUR&amp;filter=%7B%22rooms%22%3A%5B%7B%22adultsCount%22%3A1%2C%22childrenAges%22%3A%5B%5D%7D%5D%2C%22promoCode%22%3A%22LIFE2026%22%2C%22startDate%22%3A%222026-04-21%22%2C%22endDate%22%3A%222026-04-23%22%7D\">LIFE2026<\/a><\/u><\/strong> link.<\/li>\n<li>If you need to prolong your stay, please make another reservation on the website <a href=\"https:\/\/www.orea.cz\/en\/hotel-angelo?utm_source=google&amp;utm_medium=cpc&amp;utm_campaign=%5bG%5d_%5bMAX%5d_OREA_2023_06_15_Angelo&amp;utm_id=20281338476&amp;gad_source=1&amp;gad_campaignid=21493664595&amp;gclid=CjwKCAiAkbbMBhB2EiwANbxtbccl0S1lbYR2-T2UZBEWhFVY2j4vTOOC9l6kPDk988vyV5fuzH_0OBoCjQQQAvD_BwE\">OREA Hotel Angelo<\/a> without any code and add a note that you have connecting reservation.<\/li>\n<li>Please book the same room category.<\/li>\n<\/ol>\n<p>&nbsp;<\/p>\n<p>If you need to change your dates, please contact <a href=\"mailto:rezervace.angelo@orea.cz\">rezervace.angelo@orea.cz<\/a> and copy <a href=\"mailto:klara.syncakova@amden.cz\">klara.syncakova@amden.cz<\/a> in your email.<\/p>\n<p>Please make sure to mention that you are <strong>guests from the LIFE2026 group<\/strong>.<\/p>\n<p>&nbsp;<\/p>\n<h2 data-start=\"1632\" data-end=\"1859\">Want to Get Involved?<\/h2>\n<p>Are you a representative of a thematically related project interested in active participation? Would you like to have the opportunity to briefly present your project to others in a speed presentations session or exhibit a poster, and discuss your project with other experts? Please contact us \u2014we will be happy to discuss the most suitable form of collaboration.<\/p>\n<h2 data-start=\"2259\" data-end=\"2277\">Let us know!<\/h2>\n<p data-start=\"2279\" data-end=\"2474\">If you have any questions, feel free to reach out. We would also greatly appreciate it if you could informally let us know whether you plan to attend as a participant or as a project presenter.<\/p>\n<p data-start=\"2476\" data-end=\"2584\">We look forward to your participation in this exciting event\u2014and to welcoming you to Prague in April 2026!<\/p>\n<h3 data-start=\"2476\" data-end=\"2584\"><\/h3>\n<h3 data-start=\"2476\" data-end=\"2584\"><strong>Contacts: <\/strong><\/h3>\n<p data-start=\"2476\" data-end=\"2584\"><a href=\"mailto:jednapriroda@mzp.gov.cz\">jednapriroda@mzp.gov.cz<\/a><\/p>\n<p data-start=\"2476\" data-end=\"2584\"><strong>Alexandra Tamchynov\u00e1<\/strong>, PR manager <a href=\"mailto:alexandra.tamchynova@mzp.gov.cz\">alexandra.tamchynova@mzp.gov.cz<\/a><\/p>\n<h2 data-start=\"2476\" data-end=\"2584\">In the meantime:<\/h2>\n<p>Before the conference begins, we invite you to explore our document <strong data-start=\"311\" data-end=\"335\">The Values of Nature<\/strong>, which offers an introduction to ecosystem services and the benefits nature provides to society.<\/p>\n<p style=\"text-align: center;\"><iframe loading=\"lazy\" title=\"YouTube video player\" src=\"https:\/\/www.youtube.com\/embed\/v0MnT1w5zwM?si=truXXGShHwGRjuR-\" width=\"560\" height=\"315\" frameborder=\"0\" allowfullscreen=\"allowfullscreen\"><\/iframe><\/p>\n","protected":false},"excerpt":{"rendered":"<p>Dear LIFE Project Partners, We are delighted to invite you to the upcoming International LIFE Projects Conference, which will take place in the beautiful city of<span class=\"excerpt-hellip\"> [\u2026]<\/span><\/p>\n","protected":false},"author":6,"featured_media":0,"parent":0,"menu_order":0,"comment_status":"closed","ping_status":"closed","template":"","meta":{"_acf_changed":false,"footnotes":""},"class_list":["post-8445","page","type-page","status-publish","hentry"],"acf":[],"publishpress_future_action":{"enabled":false,"date":"2026-04-26 12:07:42","action":"change-status","newStatus":"draft","terms":[],"taxonomy":"translation_priority","extraData":[]},"publishpress_future_workflow_manual_trigger":{"enabledWorkflows":[]},"_links":{"self":[{"href":"https:\/\/www.jednapriroda.cz\/en\/wp-json\/wp\/v2\/pages\/8445","targetHints":{"allow":["GET"]}}],"collection":[{"href":"https:\/\/www.jednapriroda.cz\/en\/wp-json\/wp\/v2\/pages"}],"about":[{"href":"https:\/\/www.jednapriroda.cz\/en\/wp-json\/wp\/v2\/types\/page"}],"author":[{"embeddable":true,"href":"https:\/\/www.jednapriroda.cz\/en\/wp-json\/wp\/v2\/users\/6"}],"replies":[{"embeddable":true,"href":"https:\/\/www.jednapriroda.cz\/en\/wp-json\/wp\/v2\/comments?post=8445"}],"version-history":[{"count":43,"href":"https:\/\/www.jednapriroda.cz\/en\/wp-json\/wp\/v2\/pages\/8445\/revisions"}],"predecessor-version":[{"id":8871,"href":"https:\/\/www.jednapriroda.cz\/en\/wp-json\/wp\/v2\/pages\/8445\/revisions\/8871"}],"wp:attachment":[{"href":"https:\/\/www.jednapriroda.cz\/en\/wp-json\/wp\/v2\/media?parent=8445"}],"curies":[{"name":"wp","href":"https:\/\/api.w.org\/{rel}","templated":true}]}}