{"id":8558,"date":"2026-01-19T13:41:00","date_gmt":"2026-01-19T12:41:00","guid":{"rendered":"https:\/\/www.jednapriroda.cz\/?page_id=8558"},"modified":"2026-01-19T13:49:18","modified_gmt":"2026-01-19T12:49:18","slug":"final-conference-localities","status":"publish","type":"page","link":"https:\/\/www.jednapriroda.cz\/en\/final-conference-localities\/","title":{"rendered":"Final conference localities"},"content":{"rendered":"<h1>Localities for the <strong data-start=\"520\" data-end=\"605\">Final International Conference of the One Nature Project (LIFE IP: N2K Revisited)<\/strong><\/h1>\n<p>&nbsp;<\/p>\n<h2>1. <b><strong class=\"Yjhzub\" data-processed=\"true\">\u010cesk\u00e9 st\u0159edoho\u0159\u00ed Protected Landscape Area<\/strong> &#8211; Brn\u00edk Site<\/b><\/h2>\n<p>The Brn\u00edk site is part of the special area of conservation Obl\u00edk &#8211; Srdov &#8211; Brn\u00edk (CZ0424039). The site includes areas managed as wood pasture (or silvopasture), where the natural habitat <strong data-start=\"362\" data-end=\"423\">Galio-Carpinetum oak-hornbeam forests (habitat code 9170)<\/strong> occurs.<\/p>\n<p data-start=\"455\" data-end=\"792\">The forest is managed using <strong data-start=\"483\" data-end=\"513\">grazing by sheep and goats<\/strong>, forming a so-called <strong data-start=\"535\" data-end=\"551\">wood pasture<\/strong>. The managed area has been gradually expanding and currently covers approximately <strong data-start=\"634\" data-end=\"648\">4 hectares<\/strong>. In previous years, the site was prepared through selective felling and <strong data-start=\"721\" data-end=\"773\">veteranisation (creation of tree trunks \/ snags)<\/strong> of mature trees.<\/p>\n<p data-start=\"794\" data-end=\"1010\">The purpose of these measures is to <strong data-start=\"830\" data-end=\"875\">increase light availability in the forest<\/strong> and to create suitable conditions for the development of the herb layer and for the <strong data-start=\"960\" data-end=\"993\">natural regeneration of trees<\/strong>, especially oak.<\/p>\n<p data-start=\"1012\" data-end=\"1399\">Veteranisation is a <strong data-start=\"1032\" data-end=\"1067\">special management intervention<\/strong> in which the primary crown of selected trees is removed, creating so-called <strong data-start=\"1144\" data-end=\"1172\">tree trunks or monoliths<\/strong>. As they gradually decay, these structures become valuable habitats themselves. Removing a substantial part of the crown also increases light penetration to the forest floor, which in turn enhances <strong data-start=\"1371\" data-end=\"1398\">plant species diversity<\/strong>.<\/p>\n<p data-start=\"1401\" data-end=\"1689\">A wood pasture represents a <strong data-start=\"1429\" data-end=\"1508\">combination of pastureland and freely growing, often large and robust trees<\/strong>. It provides suitable conditions for species associated not only with open habitats such as grasslands, meadows, or steppes, but also with individual trees and forest environments.<\/p>\n<p data-start=\"1691\" data-end=\"1974\">The site is managed by the <strong data-start=\"1718\" data-end=\"1770\">Nature Conservation Agency of the Czech Republic<\/strong>, Administration of the <strong class=\"Yjhzub\" data-processed=\"true\">\u010cesk\u00e9 st\u0159edoho\u0159\u00ed Protected Landscape Area<\/strong>. The land is owned by the <strong data-start=\"1866\" data-end=\"1894\">Municipality of Lib\u010deves<\/strong>, which also actively participates in the implementation of management measures.<\/p>\n\n\t\t\t<style type='text\/css'>\n\t\t\t\t#sc_gallery-1 {\n\t\t\t\t\tmargin: auto;\n\t\t\t\t}\n\t\t\t\t#sc_gallery-1 .gallery-item {\n\t\t\t\t\tfloat: left;\n\t\t\t\t\tmargin-top: 10px;\n\t\t\t\t\ttext-align: center;\n\t\t\t\t\twidth: 49.99%;\n\t\t\t\t}\n\t\t\t\t#sc_gallery-1 img {\n\t\t\t\t\tborder: 2px solid #cfcfcf;\n\t\t\t\t}\n\t\t\t\t#sc_gallery-1 .gallery-caption {\n\t\t\t\t\tmargin-left: 0;\n\t\t\t\t}\n\t\t\t\t\/* see sc_gallery() in functions\/theme-shortcodes.php *\/\n\t\t\t<\/style>\n\t\t<div id='sc_gallery-1' class='gallery element_classes galleryid-8558 gallery-columns-2 gallery-size-medium file'><dl class='gallery-item' data-title='Obr\u00e1zek1' data-description=''>\n\t\t\t\t<dt class='gallery-icon landscape'>\n\t\t\t\t\t<a href='https:\/\/www.jednapriroda.cz\/wp-content\/uploads\/2026\/01\/Obrazek1.jpg'><img loading=\"lazy\" decoding=\"async\" width=\"300\" height=\"225\" src=\"https:\/\/www.jednapriroda.cz\/wp-content\/uploads\/2026\/01\/Obrazek1-300x225.jpg\" class=\"attachment-medium size-medium\" alt=\"\" srcset=\"https:\/\/www.jednapriroda.cz\/wp-content\/uploads\/2026\/01\/Obrazek1-300x225.jpg 300w, https:\/\/www.jednapriroda.cz\/wp-content\/uploads\/2026\/01\/Obrazek1-1024x768.jpg 1024w, https:\/\/www.jednapriroda.cz\/wp-content\/uploads\/2026\/01\/Obrazek1-768x576.jpg 768w, https:\/\/www.jednapriroda.cz\/wp-content\/uploads\/2026\/01\/Obrazek1-100x75.jpg 100w, https:\/\/www.jednapriroda.cz\/wp-content\/uploads\/2026\/01\/Obrazek1-960x720.jpg 960w, https:\/\/www.jednapriroda.cz\/wp-content\/uploads\/2026\/01\/Obrazek1-480x360.jpg 480w, https:\/\/www.jednapriroda.cz\/wp-content\/uploads\/2026\/01\/Obrazek1.jpg 1386w\" sizes=\"auto, (max-width:767px) 300px, 300px\" \/><\/a>\n\t\t\t\t<\/dt><\/dl><dl class='gallery-item' data-title='Obr\u00e1zek2' data-description=''>\n\t\t\t\t<dt class='gallery-icon landscape'>\n\t\t\t\t\t<a href='https:\/\/www.jednapriroda.cz\/wp-content\/uploads\/2026\/01\/Obrazek2.jpg'><img loading=\"lazy\" decoding=\"async\" width=\"300\" height=\"200\" src=\"https:\/\/www.jednapriroda.cz\/wp-content\/uploads\/2026\/01\/Obrazek2-300x200.jpg\" class=\"attachment-medium size-medium\" alt=\"\" srcset=\"https:\/\/www.jednapriroda.cz\/wp-content\/uploads\/2026\/01\/Obrazek2-300x200.jpg 300w, https:\/\/www.jednapriroda.cz\/wp-content\/uploads\/2026\/01\/Obrazek2-1024x683.jpg 1024w, https:\/\/www.jednapriroda.cz\/wp-content\/uploads\/2026\/01\/Obrazek2-768x512.jpg 768w, https:\/\/www.jednapriroda.cz\/wp-content\/uploads\/2026\/01\/Obrazek2-113x75.jpg 113w, https:\/\/www.jednapriroda.cz\/wp-content\/uploads\/2026\/01\/Obrazek2-480x320.jpg 480w, https:\/\/www.jednapriroda.cz\/wp-content\/uploads\/2026\/01\/Obrazek2.jpg 1386w\" sizes=\"auto, (max-width:767px) 300px, 300px\" \/><\/a>\n\t\t\t\t<\/dt><\/dl><br style=\"clear: both\" \/>\n\t\t\t<\/div>\n\n<p>&nbsp;<\/p>\n<p>&nbsp;<\/p>\n<h2>2. <b>\u00a0Karl\u0161tejn National Nature Reserve &#8211; Vysok\u00e1 str\u00e1\u0148 Site<\/b><\/h2>\n<p>The Vysok\u00e1 str\u00e1\u0148 site is part of the special area of conservation Karl\u0161tejn \u2013 Koda (CZ0214017) and is also located within the Karl\u0161tejn National Nature Reserve. The site includes areas managed as coppice forest, where the natural habitat <strong data-start=\"676\" data-end=\"737\">Galio-Carpinetum oak-hornbeam forests (habitat code 9170)<\/strong> occurs.<\/p>\n<p data-start=\"2336\" data-end=\"2785\">Historical records show that <strong data-start=\"2365\" data-end=\"2378\">coppicing<\/strong> was a commonly used forest management system in the <strong data-start=\"2431\" data-end=\"2449\">Bohemian Karst<\/strong> region in the past. Since <strong data-start=\"2476\" data-end=\"2484\">2019<\/strong>, efforts have been underway to restore this traditional and formerly widespread method of forest management. The site serves to test the feasibility of reintroducing historical management practices using <strong data-start=\"2689\" data-end=\"2722\">natural regeneration of trees<\/strong>, both from seeds and from <strong data-start=\"2749\" data-end=\"2784\">coppice shoots and root suckers<\/strong>.<\/p>\n<p data-start=\"2787\" data-end=\"3228\">The main objective is to support populations of <strong data-start=\"2835\" data-end=\"2897\">light-demanding and thermophilous plant and insect species<\/strong> associated with forests and forest landscapes, and to enhance overall biodiversity through <strong data-start=\"2989\" data-end=\"3019\">small-scale forest opening<\/strong> in short cycles of approximately <strong data-start=\"3053\" data-end=\"3067\">five years<\/strong>. These forms of management, together with other measures, are believed to be largely responsible for the <strong data-start=\"3173\" data-end=\"3227\">persisting species-rich character of local forests<\/strong>.<\/p>\n<p data-start=\"3230\" data-end=\"3580\">Nature reserves within the <strong data-start=\"3257\" data-end=\"3296\">\u010cesk\u00fd kras Protected Landscape Area<\/strong> are managed by the <strong data-start=\"3316\" data-end=\"3368\">Nature Conservation Agency of the Czech Republic<\/strong>, Administration of the <strong data-start=\"3392\" data-end=\"3431\">\u010cesk\u00fd kras Protected Landscape Area<\/strong>.<br data-start=\"3432\" data-end=\"3435\" \/>Forestry operations at this site were carried out by the state enterprise <strong data-start=\"3509\" data-end=\"3542\">Forests of the Czech Republic<\/strong>, Forest Administration <strong data-start=\"3566\" data-end=\"3579\">K\u0159ivokl\u00e1t<\/strong>.<\/p>\n\n\t\t\t<style type='text\/css'>\n\t\t\t\t#sc_gallery-2 {\n\t\t\t\t\tmargin: auto;\n\t\t\t\t}\n\t\t\t\t#sc_gallery-2 .gallery-item {\n\t\t\t\t\tfloat: left;\n\t\t\t\t\tmargin-top: 10px;\n\t\t\t\t\ttext-align: center;\n\t\t\t\t\twidth: 33.33%;\n\t\t\t\t}\n\t\t\t\t#sc_gallery-2 img {\n\t\t\t\t\tborder: 2px solid #cfcfcf;\n\t\t\t\t}\n\t\t\t\t#sc_gallery-2 .gallery-caption {\n\t\t\t\t\tmargin-left: 0;\n\t\t\t\t}\n\t\t\t\t\/* see sc_gallery() in functions\/theme-shortcodes.php *\/\n\t\t\t<\/style>\n\t\t<div id='sc_gallery-2' class='gallery element_classes galleryid-8558 gallery-columns-3 gallery-size-medium file'><dl class='gallery-item' data-title='Obr\u00e1zek3' data-description=''>\n\t\t\t\t<dt class='gallery-icon landscape'>\n\t\t\t\t\t<a href='https:\/\/www.jednapriroda.cz\/wp-content\/uploads\/2026\/01\/Obrazek3.jpg'><img loading=\"lazy\" decoding=\"async\" width=\"300\" height=\"224\" src=\"https:\/\/www.jednapriroda.cz\/wp-content\/uploads\/2026\/01\/Obrazek3-300x224.jpg\" class=\"attachment-medium size-medium\" alt=\"\" srcset=\"https:\/\/www.jednapriroda.cz\/wp-content\/uploads\/2026\/01\/Obrazek3-300x224.jpg 300w, https:\/\/www.jednapriroda.cz\/wp-content\/uploads\/2026\/01\/Obrazek3-1024x766.jpg 1024w, https:\/\/www.jednapriroda.cz\/wp-content\/uploads\/2026\/01\/Obrazek3-768x575.jpg 768w, https:\/\/www.jednapriroda.cz\/wp-content\/uploads\/2026\/01\/Obrazek3-100x75.jpg 100w, https:\/\/www.jednapriroda.cz\/wp-content\/uploads\/2026\/01\/Obrazek3-960x720.jpg 960w, https:\/\/www.jednapriroda.cz\/wp-content\/uploads\/2026\/01\/Obrazek3-480x359.jpg 480w, https:\/\/www.jednapriroda.cz\/wp-content\/uploads\/2026\/01\/Obrazek3.jpg 1386w\" sizes=\"auto, (max-width:767px) 300px, 300px\" \/><\/a>\n\t\t\t\t<\/dt><\/dl><dl class='gallery-item' data-title='Obr\u00e1zek4' data-description=''>\n\t\t\t\t<dt class='gallery-icon portrait'>\n\t\t\t\t\t<a href='https:\/\/www.jednapriroda.cz\/wp-content\/uploads\/2026\/01\/Obrazek4.png'><img loading=\"lazy\" decoding=\"async\" width=\"225\" height=\"300\" src=\"https:\/\/www.jednapriroda.cz\/wp-content\/uploads\/2026\/01\/Obrazek4-225x300.png\" class=\"attachment-medium size-medium\" alt=\"\" srcset=\"https:\/\/www.jednapriroda.cz\/wp-content\/uploads\/2026\/01\/Obrazek4-225x300.png 225w, https:\/\/www.jednapriroda.cz\/wp-content\/uploads\/2026\/01\/Obrazek4-56x75.png 56w, https:\/\/www.jednapriroda.cz\/wp-content\/uploads\/2026\/01\/Obrazek4-480x640.png 480w, https:\/\/www.jednapriroda.cz\/wp-content\/uploads\/2026\/01\/Obrazek4.png 712w\" sizes=\"auto, (max-width:767px) 225px, 225px\" \/><\/a>\n\t\t\t\t<\/dt><\/dl><dl class='gallery-item' data-title='Obr\u00e1zek5' data-description=''>\n\t\t\t\t<dt class='gallery-icon portrait'>\n\t\t\t\t\t<a href='https:\/\/www.jednapriroda.cz\/wp-content\/uploads\/2026\/01\/Obrazek5.jpg'><img loading=\"lazy\" decoding=\"async\" width=\"169\" height=\"300\" src=\"https:\/\/www.jednapriroda.cz\/wp-content\/uploads\/2026\/01\/Obrazek5-169x300.jpg\" class=\"attachment-medium size-medium\" alt=\"\" srcset=\"https:\/\/www.jednapriroda.cz\/wp-content\/uploads\/2026\/01\/Obrazek5-169x300.jpg 169w, https:\/\/www.jednapriroda.cz\/wp-content\/uploads\/2026\/01\/Obrazek5-42x75.jpg 42w, https:\/\/www.jednapriroda.cz\/wp-content\/uploads\/2026\/01\/Obrazek5-480x853.jpg 480w, https:\/\/www.jednapriroda.cz\/wp-content\/uploads\/2026\/01\/Obrazek5.jpg 541w\" sizes=\"auto, (max-width:767px) 169px, 169px\" \/><\/a>\n\t\t\t\t<\/dt><\/dl><br style=\"clear: both\" \/>\n\t\t\t<\/div>\n\n","protected":false},"excerpt":{"rendered":"<p>Localities for the Final International Conference of the One Nature Project (LIFE IP: N2K Revisited) &nbsp; 1. \u010cesk\u00e9 st\u0159edoho\u0159\u00ed Protected Landscape Area &#8211; Brn\u00edk Site The<span class=\"excerpt-hellip\"> [\u2026]<\/span><\/p>\n","protected":false},"author":6,"featured_media":0,"parent":0,"menu_order":0,"comment_status":"closed","ping_status":"closed","template":"","meta":{"_acf_changed":false,"footnotes":""},"class_list":["post-8558","page","type-page","status-publish","hentry"],"acf":[],"publishpress_future_action":{"enabled":false,"date":"2026-05-09 09:54:34","action":"change-status","newStatus":"draft","terms":[],"taxonomy":"translation_priority","extraData":[]},"publishpress_future_workflow_manual_trigger":{"enabledWorkflows":[]},"_links":{"self":[{"href":"https:\/\/www.jednapriroda.cz\/en\/wp-json\/wp\/v2\/pages\/8558","targetHints":{"allow":["GET"]}}],"collection":[{"href":"https:\/\/www.jednapriroda.cz\/en\/wp-json\/wp\/v2\/pages"}],"about":[{"href":"https:\/\/www.jednapriroda.cz\/en\/wp-json\/wp\/v2\/types\/page"}],"author":[{"embeddable":true,"href":"https:\/\/www.jednapriroda.cz\/en\/wp-json\/wp\/v2\/users\/6"}],"replies":[{"embeddable":true,"href":"https:\/\/www.jednapriroda.cz\/en\/wp-json\/wp\/v2\/comments?post=8558"}],"version-history":[{"count":7,"href":"https:\/\/www.jednapriroda.cz\/en\/wp-json\/wp\/v2\/pages\/8558\/revisions"}],"predecessor-version":[{"id":8571,"href":"https:\/\/www.jednapriroda.cz\/en\/wp-json\/wp\/v2\/pages\/8558\/revisions\/8571"}],"wp:attachment":[{"href":"https:\/\/www.jednapriroda.cz\/en\/wp-json\/wp\/v2\/media?parent=8558"}],"curies":[{"name":"wp","href":"https:\/\/api.w.org\/{rel}","templated":true}]}}